{"id":2586,"date":"2024-07-10T16:56:42","date_gmt":"2024-07-10T16:56:42","guid":{"rendered":"https:\/\/vincostudio.pt\/politica-de-privacidade\/"},"modified":"2026-03-02T16:56:30","modified_gmt":"2026-03-02T16:56:30","slug":"politica-de-privacidade","status":"publish","type":"page","link":"https:\/\/vincostudio.pt\/pt-pt\/politica-de-privacidade\/","title":{"rendered":"Pol\u00edtica de Privacidade"},"content":{"rendered":"\t\t<div data-elementor-type=\"wp-page\" data-elementor-id=\"2586\" class=\"elementor elementor-2586 elementor-3\" data-elementor-post-type=\"page\">\n\t\t\t\t<div class=\"elementor-element elementor-element-685006df e-flex e-con-boxed e-con e-parent\" data-id=\"685006df\" data-element_type=\"container\" data-settings=\"{&quot;background_background&quot;:&quot;classic&quot;}\">\n\t\t\t\t\t<div class=\"e-con-inner\">\n\t\t\t\t<div class=\"elementor-element elementor-element-960ea7a elementor-widget__width-inherit animated-slow elementor-invisible elementor-widget elementor-widget-text-editor\" data-id=\"960ea7a\" data-element_type=\"widget\" data-settings=\"{&quot;_animation&quot;:&quot;fadeIn&quot;,&quot;_animation_delay&quot;:150}\" data-widget_type=\"text-editor.default\">\n\t\t\t\t<div class=\"elementor-widget-container\">\n\t\t\t\t\t\t\t\t\t<h2><\/h2>\n<h3>Quem somos<\/h3>\n<p>Vinco Studio, Lda. Rua Major Xavier Vaz Os\u00f3rio &#8211; Entrada 2, Lote 2, R\/C, Esquerdo 5050-205 Peso da R\u00e9gua, NIF 516 199 145, doravante designado por Vinco Studio <\/p>\n<p>O endere\u00e7o do nosso site \u00e9 www.vincostudio.pt<\/p>\n<p>Voc\u00ea pode entrar em contato conosco atrav\u00e9s dos seguintes contatos:<\/p>\n<p>Email: daniel@vincostudio.pt<br>Telefone: +351910902692<\/p>\n<p>Estamos comprometidos em proteger seus dados pessoais. Para tanto, elaboramos esta Pol\u00edtica, que fundamenta nosso compromisso com o respeito \u00e0s regras de prote\u00e7\u00e3o de dados pessoais. Al\u00e9m disso, adotamos as medidas adequadas para garantir a integridade e a confidencialidade dos seus dados, bem como todos os demais direitos que lhe assistem.  <\/p>\n<h3>Quais dados pessoais s\u00e3o coletados e como s\u00e3o coletados<br>E-mails<\/h3>\n<p>Quando voc\u00ea entra em contato conosco por e-mail, coletamos seu endere\u00e7o de e-mail para que possamos responder diretamente \u00e0 sua comunica\u00e7\u00e3o.<\/p>\n<h3>Contato telef\u00f4nico<\/h3>\n<p>Quando voc\u00ea nos contata por telefone, poderemos coletar seu n\u00famero de telefone, caso seja necess\u00e1rio entrar em contato novamente, no \u00e2mbito das informa\u00e7\u00f5es ou servi\u00e7os a serem prestados.<\/p>\n<h3>Conte\u00fado incorporado de outros sites<\/h3>\n<p>Os artigos neste site podem incluir conte\u00fado incorporado (por exemplo: v\u00eddeos, imagens, artigos, etc.). Conte\u00fado incorporado de outros sites se comporta da mesma forma como se o usu\u00e1rio os tivesse visitado. <\/p>\n<p>Esses sites podem coletar dados sobre voc\u00ea, usar cookies, incorporar rastreamento de terceiros, monitorar suas intera\u00e7\u00f5es com eles, incluindo registrar intera\u00e7\u00f5es com conte\u00fado incorporado, se voc\u00ea tiver uma conta e estiver conectado a esse site.<\/p>\n<h3>Links para outros sites<\/h3>\n<p>O nosso website, em www.vincostudio.pt, pode incluir links para outros websites que n\u00e3o s\u00e3o propriedade da Vinco Studio. A disponibiliza\u00e7\u00e3o de tais links \u00e9 feita de boa-f\u00e9, n\u00e3o podendo a Vinco Studio ser responsabilizada pela recolha e tratamento de dados pessoais efetuados atrav\u00e9s desses websites, nem assumir qualquer responsabilidade por tais websites, nomeadamente quanto \u00e0 exatid\u00e3o, credibilidade e funcionalidades neles disponibilizadas. <\/p>\n<h3>Cookies<\/h3>\n<p>\u201cCookies\u201d s\u00e3o pequenas etiquetas de software que s\u00e3o armazenadas no computador atrav\u00e9s do navegador, retendo apenas informa\u00e7\u00f5es relacionadas com as prefer\u00eancias, n\u00e3o incluindo, portanto, dados pessoais.<\/p>\n<p>Os cookies que utilizamos s\u00e3o cookies funcionais, pois sua \u00fanica finalidade \u00e9 coletar informa\u00e7\u00f5es sobre o dispositivo com o qual o usu\u00e1rio acessa nosso site, para que possamos adaptar automaticamente imagens e conte\u00fado para melhor apresenta\u00e7\u00e3o, fluidez e desempenho. Esses cookies, portanto, t\u00eam a \u00fanica finalidade de registrar informa\u00e7\u00f5es para que a navega\u00e7\u00e3o seja mais r\u00e1pida e eficiente, eliminando a necessidade de inserir repetidamente as mesmas informa\u00e7\u00f5es. Portanto, nenhum dado pessoal \u00e9 coletado.  <\/p>\n<p>Utilizamos cookies anal\u00edticos. Estes destinam-se a recolher informa\u00e7\u00f5es estat\u00edsticas com vista \u00e0 melhoria e adapta\u00e7\u00e3o das funcionalidades e conte\u00fados do site. <\/p>\n<p>Pol\u00edtica de cookies: https:\/\/vincostudio.pt\/cookie-policy\/<\/p>\n<p><strong>Como voc\u00ea pode gerenciar cookies?<\/strong><\/p>\n<p>Todos os navegadores permitem ao utilizador aceitar, recusar ou apagar cookies, e tamb\u00e9m inform\u00e1-lo sempre que um cookie for recebido, nomeadamente atrav\u00e9s da sele\u00e7\u00e3o das defini\u00e7\u00f5es apropriadas no seu navegador. O utilizador pode configurar os cookies no menu \u201cop\u00e7\u00f5es\u201d ou \u201cprefer\u00eancias\u201d do seu navegador. <\/p>\n<p>No entanto, observe que ao desabilitar os cookies, voc\u00ea pode impedir que alguns servi\u00e7os da web funcionem corretamente, afetando parcial ou totalmente a navega\u00e7\u00e3o no site.<\/p>\n<h3>Como seus dados s\u00e3o processados<\/h3>\n<p>O tratamento de dados pessoais consiste numa opera\u00e7\u00e3o ou num conjunto de opera\u00e7\u00f5es efetuadas sobre dados pessoais ou conjuntos de dados pessoais, atrav\u00e9s de meios automatizados ou n\u00e3o automatizados, nomeadamente a recolha, o registo, a organiza\u00e7\u00e3o, a estrutura\u00e7\u00e3o, a conserva\u00e7\u00e3o, a adapta\u00e7\u00e3o, a recupera\u00e7\u00e3o, a consulta, a utiliza\u00e7\u00e3o, a divulga\u00e7\u00e3o, difus\u00e3o, compara\u00e7\u00e3o, interconex\u00e3o, a limita\u00e7\u00e3o, o apagamento ou a destrui\u00e7\u00e3o.<\/p>\n<p>O Vinco Studio obriga-se a garantir em todos os casos o estrito cumprimento da legisla\u00e7\u00e3o relativa \u00e0 prote\u00e7\u00e3o de dados pessoais, os quais s\u00e3o armazenados em bases de dados espec\u00edficas, criadas para o efeito, e, em caso algum, os dados recolhidos ser\u00e3o utilizados para qualquer finalidade que n\u00e3o seja aquela para a qual foram recolhidos ou para a qual o titular dos dados consentiu.<\/p>\n<h3>Com quem seus dados s\u00e3o compartilhados<\/h3>\n<p>Os dados coletados neste site s\u00e3o de uso exclusivo da Vinco Studio.<\/p>\n<h3>Por quanto tempo seus dados s\u00e3o retidos<\/h3>\n<p>Armazenamos seus dados pelo tempo necess\u00e1rio para lhe fornecer as informa\u00e7\u00f5es ou servi\u00e7os.<\/p>\n<h3>Quais direitos voc\u00ea tem sobre seus dados?<\/h3>\n<h3>Direito de acesso<\/h3>\n<p>Voc\u00ea tem o direito de confirmar que seus dados pessoais est\u00e3o sendo processados \u200b\u200be, quando aplic\u00e1vel, de obter uma c\u00f3pia desses dados e informa\u00e7\u00f5es completas sobre o processamento.<\/p>\n<h3>Direito de retifica\u00e7\u00e3o<\/h3>\n<p>Voc\u00ea tem o direito de corrigir erros, de modificar dados que possam ser imprecisos ou incompletos e de garantir que as informa\u00e7\u00f5es processadas estejam corretas.<\/p>\n<h3>Direito ao apagamento<\/h3>\n<p>Voc\u00ea tem o direito de ter seus dados exclu\u00eddos sem demora injustificada se o processamento for ilegal ou se a finalidade do processamento ou coleta n\u00e3o se aplicar mais.<\/p>\n<h3>Direito \u00e0 restri\u00e7\u00e3o<\/h3>\n<p>Voc\u00ea tem o direito de solicitar que o processamento seja suspenso se ele for ilegal ou inadequado.<\/p>\n<h3>Direito de oposi\u00e7\u00e3o<\/h3>\n<p>Voc\u00ea tem o direito de se opor ao processamento dos seus dados se a finalidade do processamento for marketing direto ou se o processamento tiver que ser interrompido por motivos relacionados \u00e0 sua situa\u00e7\u00e3o pessoal, a menos que demonstremos motivos leg\u00edtimos e convincentes para continuar o processamento ou se o processamento for necess\u00e1rio para fazer cumprir ou defender reivindica\u00e7\u00f5es legais.<\/p>\n<h3>Direito de n\u00e3o ser sujeito a decis\u00f5es individuais automatizadas<\/h3>\n<p>Voc\u00ea tem o direito de n\u00e3o estar sujeito a uma decis\u00e3o baseada unicamente em processamento automatizado, incluindo cria\u00e7\u00e3o de perfil, que produza efeitos legais a seu respeito ou que o afete diretamente, a menos que seja necess\u00e1rio para a execu\u00e7\u00e3o de um contrato, permitido por lei ou com base no seu consentimento expl\u00edcito.<\/p>\n<p>Esses direitos n\u00e3o incluem quaisquer dados pessoais que sejam obrigat\u00f3rios para fins administrativos, legais ou de seguran\u00e7a.<\/p>\n<h3>Para onde seus dados s\u00e3o enviados<\/h3>\n<p>O Vinco Studio poder\u00e1 comunicar os seus dados para efeitos de cumprimento de obriga\u00e7\u00f5es legais, nomeadamente perante entidades policiais, judiciais, fiscais e reguladoras.<\/p>\n<h3>Seguran\u00e7a<\/h3>\n<p>O Vinco Studio est\u00e1 comprometido em garantir a prote\u00e7\u00e3o da seguran\u00e7a dos dados pessoais que lhe s\u00e3o disponibilizados, tendo aprovado e implementado regras rigorosas a este respeito. O cumprimento destas regras constitui uma obriga\u00e7\u00e3o de todos aqueles que legalmente a eles acedem. <\/p>\n<p>Tendo em vista a preocupa\u00e7\u00e3o e o empenho da Vinco Studio na prote\u00e7\u00e3o dos dados pessoais, foram adotadas medidas de seguran\u00e7a, de car\u00e1ter t\u00e9cnico e organizativo, para proteger os dados pessoais que lhe s\u00e3o disponibilizados contra a sua difus\u00e3o, perda, uso indevido, altera\u00e7\u00e3o, tratamento ou acesso n\u00e3o autorizado, bem como contra qualquer outra forma de tratamento il\u00edcito.<\/p>\n<p>O acesso \u00e0s informa\u00e7\u00f5es pessoais dos Clientes \u00e9 limitado a funcion\u00e1rios que tenham uma necessidade leg\u00edtima de entrar em contato com tais informa\u00e7\u00f5es para prestar servi\u00e7os ao Cliente, no desempenho de suas fun\u00e7\u00f5es.<\/p>\n<p>Adicionalmente, as entidades terceiras que, no \u00e2mbito da presta\u00e7\u00e3o de servi\u00e7os, tratem dados pessoais dos Clientes por conta e ordem da Vinco Studio, est\u00e3o obrigadas, por escrito, a implementar medidas t\u00e9cnicas e de seguran\u00e7a adequadas que, em cada momento, satisfa\u00e7am os requisitos previstos na legisla\u00e7\u00e3o em vigor e assegurem a defesa dos direitos do titular dos dados (nomeadamente, a prote\u00e7\u00e3o da privacidade e dos dados pessoais dos Clientes).<\/p>\n<p>Portanto, qualquer entidade subcontratada pela Vinco Studio tratar\u00e1 os dados pessoais dos nossos Clientes em nome da Vinco Studio e adotar\u00e1 as medidas t\u00e9cnicas e organizacionais necess\u00e1rias para proteger os dados pessoais contra destrui\u00e7\u00e3o acidental ou il\u00edcita, perda acidental, altera\u00e7\u00e3o, difus\u00e3o ou acesso n\u00e3o autorizado e contra qualquer outra forma de tratamento il\u00edcito. Em qualquer caso, a Vinco Studio permanece respons\u00e1vel pelos dados pessoais que lhe s\u00e3o disponibilizados. <\/p>\n<p>N\u00e3o obstante as medidas de seguran\u00e7a adotadas pela Vinco Studio, alertamos todos os internautas que devem adotar medidas adicionais de seguran\u00e7a, nomeadamente, assegurar que utilizam um PC e um Browser atualizados em termos de patches de seguran\u00e7a adequadamente configurados, com firewall ativa, antiv\u00edrus e anti-spyware, e que verificam a autenticidade dos sites que visitam na Internet, devendo evitar sites em cuja reputa\u00e7\u00e3o n\u00e3o confiem.<\/p>\n<h3>Informa\u00e7\u00f5es de contato<\/h3>\n<p>Para qualquer informa\u00e7\u00e3o sobre a nossa pol\u00edtica de privacidade, para exercer os seus direitos sobre os seus dados ou para se opor \u00e0 rece\u00e7\u00e3o da nossa newsletter, entre em contacto connosco atrav\u00e9s do endere\u00e7o de e-mail daniel@vincostudio.pt.<\/p>\n<h3>Como reclamar<\/h3>\n<p>Sem preju\u00edzo de poder apresentar reclama\u00e7\u00f5es diretamente \u00e0 Vinco Studio, atrav\u00e9s dos contactos disponibilizados para o efeito, poder\u00e1 reclamar diretamente \u00e0 Autoridade de Controlo, que \u00e9 a Comiss\u00e3o Nacional de Prote\u00e7\u00e3o de Dados (CNPD), utilizando os contactos disponibilizados por esta entidade para o efeito.<\/p>\n<h3>Altera\u00e7\u00f5es futuras a esta Pol\u00edtica de Privacidade<\/h3>\n<p>No futuro, poder\u00e1 ser necess\u00e1rio atualizar ou revisar esta Pol\u00edtica de Privacidade. A Vinco Studio reserva-se o direito de faz\u00ea-lo a qualquer momento e sem aviso pr\u00e9vio, publicando a vers\u00e3o revisada em www.vincostudio.pt. <\/p>\n<p>Essas altera\u00e7\u00f5es entrar\u00e3o em vigor a partir da data de sua publica\u00e7\u00e3o e somente para informa\u00e7\u00f5es pessoais coletadas ap\u00f3s a publica\u00e7\u00e3o da vers\u00e3o revisada.<\/p>\n<p><\/p>\t\t\t\t\t\t\t\t<\/div>\n\t\t\t\t<\/div>\n\t\t\t\t\t<\/div>\n\t\t\t\t<\/div>\n\t\t\t\t<\/div>\n\t\t","protected":false},"excerpt":{"rendered":"<p>Quem somos Vinco Studio, Lda. Rua Major Xavier Vaz Os\u00f3rio &#8211; Entrada 2, Lote 2, R\/C, Esquerdo 5050-205 Peso da R\u00e9gua, NIF 516 199 145, doravante designado por Vinco Studio O endere\u00e7o do nosso site \u00e9 www.vincostudio.pt Voc\u00ea pode entrar em contato conosco atrav\u00e9s dos seguintes contatos: Email: daniel@vincostudio.ptTelefone: +351910902692 Estamos comprometidos em proteger seus [&hellip;]<\/p>\n","protected":false},"author":1,"featured_media":0,"parent":0,"menu_order":0,"comment_status":"closed","ping_status":"open","template":"","meta":{"footnotes":""},"class_list":["post-2586","page","type-page","status-publish","hentry"],"_links":{"self":[{"href":"https:\/\/vincostudio.pt\/pt-pt\/wp-json\/wp\/v2\/pages\/2586","targetHints":{"allow":["GET"]}}],"collection":[{"href":"https:\/\/vincostudio.pt\/pt-pt\/wp-json\/wp\/v2\/pages"}],"about":[{"href":"https:\/\/vincostudio.pt\/pt-pt\/wp-json\/wp\/v2\/types\/page"}],"author":[{"embeddable":true,"href":"https:\/\/vincostudio.pt\/pt-pt\/wp-json\/wp\/v2\/users\/1"}],"replies":[{"embeddable":true,"href":"https:\/\/vincostudio.pt\/pt-pt\/wp-json\/wp\/v2\/comments?post=2586"}],"version-history":[{"count":6,"href":"https:\/\/vincostudio.pt\/pt-pt\/wp-json\/wp\/v2\/pages\/2586\/revisions"}],"predecessor-version":[{"id":2750,"href":"https:\/\/vincostudio.pt\/pt-pt\/wp-json\/wp\/v2\/pages\/2586\/revisions\/2750"}],"wp:attachment":[{"href":"https:\/\/vincostudio.pt\/pt-pt\/wp-json\/wp\/v2\/media?parent=2586"}],"curies":[{"name":"wp","href":"https:\/\/api.w.org\/{rel}","templated":true}]}}