{"id":2601,"date":"2024-07-11T15:20:08","date_gmt":"2024-07-11T15:20:08","guid":{"rendered":"https:\/\/vincostudio.pt\/estudio\/"},"modified":"2025-09-03T14:22:02","modified_gmt":"2025-09-03T14:22:02","slug":"estudio","status":"publish","type":"page","link":"https:\/\/vincostudio.pt\/pt-pt\/estudio\/","title":{"rendered":"Est\u00fadio"},"content":{"rendered":"\t\t<div data-elementor-type=\"wp-page\" data-elementor-id=\"2601\" class=\"elementor elementor-2601 elementor-35\" data-elementor-post-type=\"page\">\n\t\t\t\t<div class=\"elementor-element elementor-element-87bfaee e-con-full elementor-hidden-desktop elementor-hidden-tablet e-flex e-con e-parent\" data-id=\"87bfaee\" data-element_type=\"container\" data-settings=\"{&quot;background_background&quot;:&quot;classic&quot;}\">\n\t\t<div class=\"elementor-element elementor-element-9e9a96c e-con-full e-flex e-con e-child\" data-id=\"9e9a96c\" data-element_type=\"container\">\n\t\t\t\t<div class=\"elementor-element elementor-element-0f0f202 elementor-widget__width-initial elementor-widget elementor-widget-heading\" data-id=\"0f0f202\" data-element_type=\"widget\" data-widget_type=\"heading.default\">\n\t\t\t\t<div class=\"elementor-widget-container\">\n\t\t\t\t\t<h2 class=\"elementor-heading-title elementor-size-default\">Somos um est\u00fadio de design e branding premiado, especializado em vinhos, espirituosos e produtos gourmet, fundado pelo designer e diretor criativo Daniel Teixeira. Na Vinco Studio acreditamos em conceitos de design claros, criativos e intemporais, que ajudam as marcas a destacar-se, a criar liga\u00e7\u00e3o com os consumidores e a perdurar no tempo. <\/h2>\t\t\t\t<\/div>\n\t\t\t\t<\/div>\n\t\t\t\t<\/div>\n\t\t\t\t<\/div>\n\t\t<div class=\"elementor-element elementor-element-2c86245 e-con-full e-flex e-con e-parent\" data-id=\"2c86245\" data-element_type=\"container\" data-settings=\"{&quot;background_background&quot;:&quot;classic&quot;}\">\n\t\t<div class=\"elementor-element elementor-element-61c37d7 e-con-full elementor-hidden-mobile e-flex e-con e-child\" data-id=\"61c37d7\" data-element_type=\"container\">\n\t\t\t\t<div class=\"elementor-element elementor-element-ac7b564 elementor-widget__width-initial elementor-widget elementor-widget-heading\" data-id=\"ac7b564\" data-element_type=\"widget\" data-widget_type=\"heading.default\">\n\t\t\t\t<div class=\"elementor-widget-container\">\n\t\t\t\t\t<h2 class=\"elementor-heading-title elementor-size-default\">Somos um est\u00fadio de design e branding premiado, especializado em vinhos, espirituosos e produtos gourmet, fundado pelo designer e diretor criativo Daniel Teixeira. Na Vinco Studio acreditamos em conceitos de design claros, criativos e intemporais, que ajudam as marcas a destacar-se, a criar liga\u00e7\u00e3o com os consumidores e a perdurar no tempo. <\/h2>\t\t\t\t<\/div>\n\t\t\t\t<\/div>\n\t\t\t\t<\/div>\n\t\t<div class=\"elementor-element elementor-element-f937a76 e-con-full e-flex e-con e-child\" data-id=\"f937a76\" data-element_type=\"container\">\n\t\t\t\t<div class=\"elementor-element elementor-element-3604a24 animated-slow elementor-invisible elementor-widget elementor-widget-image\" data-id=\"3604a24\" data-element_type=\"widget\" data-settings=\"{&quot;_animation&quot;:&quot;fadeInRight&quot;,&quot;_animation_delay&quot;:100,&quot;_animation_mobile&quot;:&quot;fadeIn&quot;}\" data-widget_type=\"image.default\">\n\t\t\t\t<div class=\"elementor-widget-container\">\n\t\t\t\t\t\t\t\t\t\t\t\t\t\t\t<img fetchpriority=\"high\" decoding=\"async\" width=\"1140\" height=\"1500\" src=\"https:\/\/vincostudio.pt\/wp-content\/uploads\/2024\/07\/img-studio.jpg\" class=\"attachment-full size-full wp-image-2600\" alt=\"\" srcset=\"https:\/\/vincostudio.pt\/wp-content\/uploads\/2024\/07\/img-studio.jpg 1140w, https:\/\/vincostudio.pt\/wp-content\/uploads\/2024\/07\/img-studio-228x300.jpg 228w, https:\/\/vincostudio.pt\/wp-content\/uploads\/2024\/07\/img-studio-778x1024.jpg 778w, https:\/\/vincostudio.pt\/wp-content\/uploads\/2024\/07\/img-studio-768x1011.jpg 768w\" sizes=\"(max-width: 1140px) 100vw, 1140px\" \/>\t\t\t\t\t\t\t\t\t\t\t\t\t\t\t<\/div>\n\t\t\t\t<\/div>\n\t\t\t\t<\/div>\n\t\t\t\t<\/div>\n\t\t<div class=\"elementor-element elementor-element-5fa6f14 e-con-full e-flex e-con e-parent\" data-id=\"5fa6f14\" data-element_type=\"container\" data-settings=\"{&quot;background_background&quot;:&quot;classic&quot;}\">\n\t\t\t\t<div class=\"elementor-element elementor-element-da6f381 elementor-widget__width-initial elementor-widget elementor-widget-heading\" data-id=\"da6f381\" data-element_type=\"widget\" data-widget_type=\"heading.default\">\n\t\t\t\t<div class=\"elementor-widget-container\">\n\t\t\t\t\t<h2 class=\"elementor-heading-title elementor-size-default\">Acreditamos em<br>conceitos de design<br>simples e criativos<\/h2>\t\t\t\t<\/div>\n\t\t\t\t<\/div>\n\t\t<div class=\"elementor-element elementor-element-1ed8576 e-con-full e-flex e-con e-child\" data-id=\"1ed8576\" data-element_type=\"container\">\n\t\t<div class=\"elementor-element elementor-element-3cc60c1 e-con-full elementor-hidden-desktop elementor-hidden-tablet e-flex e-con e-child\" data-id=\"3cc60c1\" data-element_type=\"container\">\n\t\t\t\t<div class=\"elementor-element elementor-element-405ab5e elementor-widget elementor-widget-html\" data-id=\"405ab5e\" data-element_type=\"widget\" data-widget_type=\"html.default\">\n\t\t\t\t<div class=\"elementor-widget-container\">\n\t\t\t\t\t<script>function myFunction() {\r\n    var element = document.getElementById(\"demo\");\r\n    element.classList.toggle(\"text\");\r\n  \r\nvar btn = document.getElementById(\"bb\");\r\n\/*alert(elem);*\/\r\nif (btn.value == \"+ read more\") {\r\n                    btn.value = \"- read less\";\r\n                    btn.innerHTML = \"- read less\";\r\n                }                else {\r\n                    btn.value = \"+ read more\";\r\n                    btn.innerHTML = \"+ read more\";\r\n                }\r\n  }\r\n<\/script>\t\t\t\t<\/div>\n\t\t\t\t<\/div>\n\t\t<div class=\"elementor-element elementor-element-4b8c7b4 e-con-full e-flex e-con e-child\" data-id=\"4b8c7b4\" data-element_type=\"container\">\n\t\t\t\t<div class=\"elementor-element elementor-element-c160f68 elementor-widget-tablet__width-inherit text elementor-widget elementor-widget-text-editor\" data-id=\"c160f68\" data-element_type=\"widget\" id=\"demo\" data-widget_type=\"text-editor.default\">\n\t\t\t\t<div class=\"elementor-widget-container\">\n\t\t\t\t\t\t\t\t\t<p>Sediados no Vale do Douro, trabalhamos com clientes em todo o mundo. Cada projeto \u00e9 visto como um desafio e uma oportunidade \u2014 procuramos sempre a ideia mais eficaz e a melhor solu\u00e7\u00e3o visual para elevar cada marca. <\/p><p>O nosso processo criativo baseia-se no di\u00e1logo aberto, na colabora\u00e7\u00e3o e na integra\u00e7\u00e3o de diferentes perspetivas. Ao combinar criatividade com pensamento estrat\u00e9gico, desenvolvemos solu\u00e7\u00f5es de design inovadoras e personalizadas que refor\u00e7am a identidade e a presen\u00e7a das marcas no mercado. <\/p><p>Desde a cria\u00e7\u00e3o de identidade at\u00e9 ao design de packaging, produ\u00e7\u00e3o e controlo de qualidade, acompanhamos todas as fases do projeto, em parceria com uma rede de fornecedores de confian\u00e7a. Esta abordagem hol\u00edstica garante que cada detalhe reflete a autenticidade, a eleg\u00e2ncia e a excel\u00eancia das marcas com que trabalhamos. <\/p>\t\t\t\t\t\t\t\t<\/div>\n\t\t\t\t<\/div>\n\t\t\t\t<\/div>\n\t\t\t\t<div class=\"elementor-element elementor-element-24c2992 elementor-widget elementor-widget-html\" data-id=\"24c2992\" data-element_type=\"widget\" data-widget_type=\"html.default\">\n\t\t\t\t<div class=\"elementor-widget-container\">\n\t\t\t\t\t<button onclick=\"myFunction()\" id=\"bb\" value=\"+ ler mais\" class=\"\"> + ler mais<\/button>\t\t\t\t<\/div>\n\t\t\t\t<\/div>\n\t\t\t\t<\/div>\n\t\t<div class=\"elementor-element elementor-element-6705679 e-con-full elementor-hidden-mobile e-flex e-con e-child\" data-id=\"6705679\" data-element_type=\"container\">\n\t\t\t\t<div class=\"elementor-element elementor-element-ddfc4f4 elementor-widget-tablet__width-inherit animated-slow elementor-widget__width-initial elementor-invisible elementor-widget elementor-widget-text-editor\" data-id=\"ddfc4f4\" data-element_type=\"widget\" data-settings=\"{&quot;_animation&quot;:&quot;fadeIn&quot;,&quot;_animation_delay&quot;:100}\" data-widget_type=\"text-editor.default\">\n\t\t\t\t<div class=\"elementor-widget-container\">\n\t\t\t\t\t\t\t\t\t<p>Sediados no Vale do Douro, trabalhamos com clientes em todo o mundo. Cada projeto \u00e9 visto como um desafio e uma oportunidade \u2014 procuramos sempre a ideia mais eficaz e a melhor solu\u00e7\u00e3o visual para elevar cada marca. <\/p><p>O nosso processo criativo baseia-se no di\u00e1logo aberto, na colabora\u00e7\u00e3o e na integra\u00e7\u00e3o de diferentes perspetivas. Ao combinar criatividade com pensamento estrat\u00e9gico, desenvolvemos solu\u00e7\u00f5es de design inovadoras e personalizadas que refor\u00e7am a identidade e a presen\u00e7a das marcas no mercado. <\/p><p>Desde a cria\u00e7\u00e3o de identidade at\u00e9 ao design de packaging, produ\u00e7\u00e3o e controlo de qualidade, acompanhamos todas as fases do projeto, em parceria com uma rede de fornecedores de confian\u00e7a. Esta abordagem hol\u00edstica garante que cada detalhe reflete a autenticidade, a eleg\u00e2ncia e a excel\u00eancia das marcas com que trabalhamos. <\/p>\t\t\t\t\t\t\t\t<\/div>\n\t\t\t\t<\/div>\n\t\t\t\t<\/div>\n\t\t<div class=\"elementor-element elementor-element-41c45ef e-con-full e-flex e-con e-child\" data-id=\"41c45ef\" data-element_type=\"container\">\n\t\t\t\t<div class=\"elementor-element elementor-element-1d6ba2f animated-slow elementor-invisible elementor-widget elementor-widget-text-editor\" data-id=\"1d6ba2f\" data-element_type=\"widget\" data-settings=\"{&quot;_animation&quot;:&quot;fadeIn&quot;,&quot;_animation_delay&quot;:200}\" data-widget_type=\"text-editor.default\">\n\t\t\t\t<div class=\"elementor-widget-container\">\n\t\t\t\t\t\t\t\t\t<p>Servi\u00e7os:<\/p><p>Design de R\u00f3tulos<br>Design de Embalagem<br>Design de Marca<br>Identidade da Marca<br>Dire\u00e7\u00e3o de Arte<\/p><p> <\/p><p>Clientes em todo o mundo:<\/p><p>Portugal<br>Fran\u00e7a<br>Italia<br>Gr\u00e9cia<br>Estados Unidos<br>Chile<\/p>\t\t\t\t\t\t\t\t<\/div>\n\t\t\t\t<\/div>\n\t\t\t\t<\/div>\n\t\t<div class=\"elementor-element elementor-element-d1b1e7a e-con-full e-flex e-con e-child\" data-id=\"d1b1e7a\" data-element_type=\"container\">\n\t\t\t\t<div class=\"elementor-element elementor-element-a3e28fc animated-slow elementor-invisible elementor-widget elementor-widget-text-editor\" data-id=\"a3e28fc\" data-element_type=\"widget\" data-settings=\"{&quot;_animation&quot;:&quot;fadeIn&quot;,&quot;_animation_delay&quot;:300}\" data-widget_type=\"text-editor.default\">\n\t\t\t\t<div class=\"elementor-widget-container\">\n\t\t\t\t\t\t\t\t\t<p>Contactos:<\/p><p><a href=\"https:\/\/maps.app.goo.gl\/7Jm6nk8PHzV3bHQT7\" target=\"_blank\" rel=\"noopener\">Galerias S\u00e3o Jo\u00e3o<br>Rua dos Camilos, 95<br>Peso da R\u00e9gua,<br>Portugal<\/a><\/p><p><a href=\"mailto:daniel@vincostudio.pt\">daniel@vincostudio.pt<\/a><br><a href=\"tel:+351910902692\">(+351) 910 902 692<br>(chamada para a rede m\u00f3vel nacional)<\/a><\/p>\t\t\t\t\t\t\t\t<\/div>\n\t\t\t\t<\/div>\n\t\t\t\t<\/div>\n\t\t\t\t<\/div>\n\t\t<div class=\"elementor-element elementor-element-d5be368 e-con-full animated-slow e-flex elementor-invisible e-con e-child\" data-id=\"d5be368\" data-element_type=\"container\" data-settings=\"{&quot;background_background&quot;:&quot;classic&quot;,&quot;position&quot;:&quot;absolute&quot;,&quot;animation&quot;:&quot;fadeIn&quot;,&quot;animation_delay&quot;:100}\">\n\t\t\t\t<div class=\"elementor-element elementor-element-f1be6a7 elementor-widget-mobile__width-inherit elementor-hidden-mobile elementor-widget elementor-widget-text-editor\" data-id=\"f1be6a7\" data-element_type=\"widget\" data-widget_type=\"text-editor.default\">\n\t\t\t\t<div class=\"elementor-widget-container\">\n\t\t\t\t\t\t\t\t\t<p><a href=\"https:\/\/www.instagram.com\/vincostudio\/\" target=\"_blank\" rel=\"noopener\">instagram<\/a>, <a href=\"https:\/\/www.behance.net\/vincostudio\" target=\"_blank\" rel=\"noopener\">behance<\/a><\/p>\t\t\t\t\t\t\t\t<\/div>\n\t\t\t\t<\/div>\n\t\t\t\t<div class=\"elementor-element elementor-element-e7e2a98 elementor-hidden-desktop elementor-hidden-tablet elementor-widget elementor-widget-text-editor\" data-id=\"e7e2a98\" data-element_type=\"widget\" data-widget_type=\"text-editor.default\">\n\t\t\t\t<div class=\"elementor-widget-container\">\n\t\t\t\t\t\t\t\t\t<p>instagram<\/p>\t\t\t\t\t\t\t\t<\/div>\n\t\t\t\t<\/div>\n\t\t\t\t<div class=\"elementor-element elementor-element-d7a5785 elementor-hidden-mobile elementor-widget elementor-widget-button\" data-id=\"d7a5785\" data-element_type=\"widget\" id=\"backToTopBtn\" data-widget_type=\"button.default\">\n\t\t\t\t<div class=\"elementor-widget-container\">\n\t\t\t\t\t\t\t\t\t<div class=\"elementor-button-wrapper\">\n\t\t\t\t\t<a class=\"elementor-button elementor-size-sm\" role=\"button\">\n\t\t\t\t\t\t<span class=\"elementor-button-content-wrapper\">\n\t\t\t\t\t\t\t\t\t<span class=\"elementor-button-text\">top<\/span>\n\t\t\t\t\t<\/span>\n\t\t\t\t\t<\/a>\n\t\t\t\t<\/div>\n\t\t\t\t\t\t\t\t<\/div>\n\t\t\t\t<\/div>\n\t\t\t\t<div class=\"elementor-element elementor-element-adf870e elementor-hidden-desktop elementor-hidden-tablet elementor-widget elementor-widget-text-editor\" data-id=\"adf870e\" data-element_type=\"widget\" data-widget_type=\"text-editor.default\">\n\t\t\t\t<div class=\"elementor-widget-container\">\n\t\t\t\t\t\t\t\t\t<p>behance<\/p>\t\t\t\t\t\t\t\t<\/div>\n\t\t\t\t<\/div>\n\t\t\t\t<\/div>\n\t\t\t\t<\/div>\n\t\t\t\t<\/div>\n\t\t","protected":false},"excerpt":{"rendered":"<p>Somos um est\u00fadio de design e branding premiado, especializado em vinhos, espirituosos e produtos gourmet, fundado pelo designer e diretor criativo Daniel Teixeira. Na Vinco Studio acreditamos em conceitos de design claros, criativos e intemporais, que ajudam as marcas a destacar-se, a criar liga\u00e7\u00e3o com os consumidores e a perdurar no tempo. Somos um est\u00fadio [&hellip;]<\/p>\n","protected":false},"author":1,"featured_media":2600,"parent":0,"menu_order":0,"comment_status":"closed","ping_status":"closed","template":"elementor_header_footer","meta":{"footnotes":""},"class_list":["post-2601","page","type-page","status-publish","has-post-thumbnail","hentry"],"_links":{"self":[{"href":"https:\/\/vincostudio.pt\/pt-pt\/wp-json\/wp\/v2\/pages\/2601","targetHints":{"allow":["GET"]}}],"collection":[{"href":"https:\/\/vincostudio.pt\/pt-pt\/wp-json\/wp\/v2\/pages"}],"about":[{"href":"https:\/\/vincostudio.pt\/pt-pt\/wp-json\/wp\/v2\/types\/page"}],"author":[{"embeddable":true,"href":"https:\/\/vincostudio.pt\/pt-pt\/wp-json\/wp\/v2\/users\/1"}],"replies":[{"embeddable":true,"href":"https:\/\/vincostudio.pt\/pt-pt\/wp-json\/wp\/v2\/comments?post=2601"}],"version-history":[{"count":3,"href":"https:\/\/vincostudio.pt\/pt-pt\/wp-json\/wp\/v2\/pages\/2601\/revisions"}],"predecessor-version":[{"id":2665,"href":"https:\/\/vincostudio.pt\/pt-pt\/wp-json\/wp\/v2\/pages\/2601\/revisions\/2665"}],"wp:featuredmedia":[{"embeddable":true,"href":"https:\/\/vincostudio.pt\/pt-pt\/wp-json\/wp\/v2\/media\/2600"}],"wp:attachment":[{"href":"https:\/\/vincostudio.pt\/pt-pt\/wp-json\/wp\/v2\/media?parent=2601"}],"curies":[{"name":"wp","href":"https:\/\/api.w.org\/{rel}","templated":true}]}}